{"id":15,"date":"2013-01-06T21:51:12","date_gmt":"2013-01-06T19:51:12","guid":{"rendered":"http:\/\/meier-melktechnik.ch\/?page_id=15"},"modified":"2013-01-09T22:42:43","modified_gmt":"2013-01-09T21:42:43","slug":"uber-uns","status":"publish","type":"page","link":"http:\/\/meier-melktechnik.ch\/?page_id=15","title":{"rendered":"\u00dcber uns"},"content":{"rendered":"<p>Meier Melktechnik wurde im Jahr 1995 durch Philipp Meier gegr\u00fcndet. Im Jahr 2005 bauten wir den ersten Dairymaster Swing-Over Melkstand. Ein weiters Jahr sp\u00e4ter \u00fcbernahmen wir den Generalimport der Dairymaster Swing-Over Melktechnik in der Schweiz. Seither haben wir mehrere grosse Melkanlagen in Bertieb wie 2x16er Swing-Over bei Gerber`s in Dagmersellen und bei Gr\u00fcter in Ruswil.<\/p>\n<p>Als einziges Unternehmen in der Schweiz verkauft und installiert Meier Melktechnik die hochwertigen Produkte von <a href=\"http:\/\/www.europedairysystems.com\">Dairymaster<\/a>.<\/p>\n","protected":false},"excerpt":{"rendered":"<p>Meier Melktechnik wurde im Jahr 1995 durch Philipp Meier gegr\u00fcndet. Im Jahr 2005 bauten wir den ersten Dairymaster Swing-Over Melkstand. Ein weiters Jahr sp\u00e4ter \u00fcbernahmen wir den Generalimport der Dairymaster Swing-Over Melktechnik in der Schweiz. Seither haben wir mehrere grosse &hellip; <a href=\"http:\/\/meier-melktechnik.ch\/?page_id=15\">Weiterlesen <span class=\"meta-nav\">&rarr;<\/span><\/a><\/p>\n","protected":false},"author":1,"featured_media":0,"parent":0,"menu_order":0,"comment_status":"closed","ping_status":"closed","template":"page-templates\/full-width.php","meta":{"footnotes":""},"class_list":["post-15","page","type-page","status-publish","hentry"],"_links":{"self":[{"href":"http:\/\/meier-melktechnik.ch\/index.php?rest_route=\/wp\/v2\/pages\/15","targetHints":{"allow":["GET"]}}],"collection":[{"href":"http:\/\/meier-melktechnik.ch\/index.php?rest_route=\/wp\/v2\/pages"}],"about":[{"href":"http:\/\/meier-melktechnik.ch\/index.php?rest_route=\/wp\/v2\/types\/page"}],"author":[{"embeddable":true,"href":"http:\/\/meier-melktechnik.ch\/index.php?rest_route=\/wp\/v2\/users\/1"}],"replies":[{"embeddable":true,"href":"http:\/\/meier-melktechnik.ch\/index.php?rest_route=%2Fwp%2Fv2%2Fcomments&post=15"}],"version-history":[{"count":7,"href":"http:\/\/meier-melktechnik.ch\/index.php?rest_route=\/wp\/v2\/pages\/15\/revisions"}],"predecessor-version":[{"id":27,"href":"http:\/\/meier-melktechnik.ch\/index.php?rest_route=\/wp\/v2\/pages\/15\/revisions\/27"}],"wp:attachment":[{"href":"http:\/\/meier-melktechnik.ch\/index.php?rest_route=%2Fwp%2Fv2%2Fmedia&parent=15"}],"curies":[{"name":"wp","href":"https:\/\/api.w.org\/{rel}","templated":true}]}}